{"id":969,"date":"2020-03-12T17:48:13","date_gmt":"2020-03-12T17:48:13","guid":{"rendered":"https:\/\/direkt-versichert.eu\/?page_id=969"},"modified":"2023-11-09T14:42:21","modified_gmt":"2023-11-09T14:42:21","slug":"contact","status":"publish","type":"page","link":"https:\/\/direkt-versichert.eu\/?page_id=969","title":{"rendered":"Kontakt"},"content":{"rendered":"<p><div class=\"fusion-fullwidth fullwidth-box fusion-builder-row-1 fusion-flex-container has-pattern-background has-mask-background fusion-parallax-none nonhundred-percent-fullwidth non-hundred-percent-height-scrolling fusion-no-small-visibility lazyload\" style=\"--awb-border-radius-top-left:0px;--awb-border-radius-top-right:0px;--awb-border-radius-bottom-right:0px;--awb-border-radius-bottom-left:0px;--awb-padding-top:30px;--awb-padding-bottom:30px;--awb-padding-top-medium:8vw;--awb-padding-bottom-medium:8vw;--awb-min-height:calc( 100vh - 100px );--awb-background-image:linear-gradient(180deg, hsla(var(--awb-color8-h),var(--awb-color8-s),calc( var(--awb-color8-l) - 1% ),calc( var(--awb-color8-a) - 80% )) 0%,hsla(var(--awb-color8-h),var(--awb-color8-s),calc( var(--awb-color8-l) - 1% ),calc( var(--awb-color8-a) - 80% )) 100%);;--awb-background-size:cover;--awb-flex-wrap:wrap;\" data-bg=\"https:\/\/direkt-versichert.eu\/wp-content\/uploads\/2023\/10\/geschaeftsleute-die-sich-nach-einem-erfolgreichen-partnerschaftsvertrag-fuer-ein-startup-unternehmen-in-einem-buerotreffen-die-haende-schuetteln_web.jpg\" data-bg-gradient=\"linear-gradient(180deg, hsla(var(--awb-color8-h),var(--awb-color8-s),calc( var(--awb-color8-l) - 1% ),calc( var(--awb-color8-a) - 80% )) 0%,hsla(var(--awb-color8-h),var(--awb-color8-s),calc( var(--awb-color8-l) - 1% ),calc( var(--awb-color8-a) - 80% )) 100%)\" ><div class=\"fusion-builder-row fusion-row fusion-flex-align-items-flex-start fusion-flex-align-content-center fusion-flex-content-wrap\" style=\"max-width:1404px;margin-left: calc(-4% \/ 2 );margin-right: calc(-4% \/ 2 );\"><div class=\"fusion-layout-column fusion_builder_column fusion-builder-column-0 fusion_builder_column_1_1 1_1 fusion-flex-column\" style=\"--awb-padding-right-medium:6vw;--awb-padding-left-medium:6vw;--awb-bg-size:cover;--awb-width-large:100%;--awb-margin-top-large:0px;--awb-spacing-right-large:1.92%;--awb-margin-bottom-large:0px;--awb-spacing-left-large:1.92%;--awb-width-medium:100%;--awb-order-medium:0;--awb-spacing-right-medium:1.92%;--awb-spacing-left-medium:1.92%;--awb-width-small:100%;--awb-order-small:0;--awb-spacing-right-small:1.92%;--awb-spacing-left-small:1.92%;\"><div class=\"fusion-column-wrapper fusion-column-has-shadow fusion-flex-justify-content-flex-start fusion-content-layout-column\"><div class=\"fusion-text fusion-text-1\" style=\"--awb-font-size:80px;--awb-text-transform:uppercase;--awb-text-color:var(--awb-color1);--awb-text-font-family:Arial, Helvetica, sans-serif;--awb-text-font-style:normal;--awb-text-font-weight:400;\"><p style=\"text-align: center;\">KONTAKT<\/p>\n<\/div><div class=\"fusion-separator fusion-full-width-sep\" style=\"align-self: center;margin-left: auto;margin-right: auto;margin-top:5%;width:100%;\"><\/div><\/div><\/div><\/div><\/div><div class=\"fusion-fullwidth fullwidth-box fusion-builder-row-2 fusion-flex-container has-pattern-background has-mask-background nonhundred-percent-fullwidth non-hundred-percent-height-scrolling\" style=\"--awb-border-radius-top-left:0px;--awb-border-radius-top-right:0px;--awb-border-radius-bottom-right:0px;--awb-border-radius-bottom-left:0px;--awb-margin-top:6%;--awb-margin-bottom:6%;--awb-flex-wrap:wrap;\" ><div class=\"fusion-builder-row fusion-row fusion-flex-align-items-flex-start fusion-flex-content-wrap\" style=\"max-width:1404px;margin-left: calc(-4% \/ 2 );margin-right: calc(-4% \/ 2 );\"><div class=\"fusion-layout-column fusion_builder_column fusion-builder-column-1 fusion_builder_column_1_2 1_2 fusion-flex-column fusion-animated\" style=\"--awb-bg-size:cover;--awb-width-large:50%;--awb-margin-top-large:0px;--awb-spacing-right-large:9.6%;--awb-margin-bottom-large:20px;--awb-spacing-left-large:3.84%;--awb-width-medium:100%;--awb-spacing-right-medium:1.92%;--awb-spacing-left-medium:1.92%;--awb-width-small:100%;--awb-spacing-right-small:1.92%;--awb-margin-bottom-small:60px;--awb-spacing-left-small:1.92%;\" data-animationType=\"fadeIn\" data-animationDuration=\"1.0\" data-animationOffset=\"top-into-view\"><div class=\"fusion-column-wrapper fusion-column-has-shadow fusion-flex-justify-content-flex-start fusion-content-layout-column\"><div class=\"fusion-image-element \" style=\"--awb-caption-title-font-family:var(--h2_typography-font-family);--awb-caption-title-font-weight:var(--h2_typography-font-weight);--awb-caption-title-font-style:var(--h2_typography-font-style);--awb-caption-title-size:var(--h2_typography-font-size);--awb-caption-title-transform:var(--h2_typography-text-transform);--awb-caption-title-line-height:var(--h2_typography-line-height);--awb-caption-title-letter-spacing:var(--h2_typography-letter-spacing);\"><span class=\" fusion-imageframe imageframe-none imageframe-1 hover-type-none\"><img decoding=\"async\" width=\"600\" height=\"600\" title=\"direkt versichert SP &#8211; Silas Pufahl Versicherungsmakler\" src=\"https:\/\/direkt-versichert.eu\/wp-content\/uploads\/2023\/10\/Silas_web.png\" data-orig-src=\"https:\/\/direkt-versichert.eu\/wp-content\/uploads\/2023\/10\/Silas_web.png\" alt class=\"lazyload img-responsive wp-image-1717\" srcset=\"data:image\/svg+xml,%3Csvg%20xmlns%3D%27http%3A%2F%2Fwww.w3.org%2F2000%2Fsvg%27%20width%3D%27600%27%20height%3D%27600%27%20viewBox%3D%270%200%20600%20600%27%3E%3Crect%20width%3D%27600%27%20height%3D%27600%27%20fill-opacity%3D%220%22%2F%3E%3C%2Fsvg%3E\" data-srcset=\"https:\/\/direkt-versichert.eu\/wp-content\/uploads\/2023\/10\/Silas_web-200x200.png 200w, https:\/\/direkt-versichert.eu\/wp-content\/uploads\/2023\/10\/Silas_web-400x400.png 400w, https:\/\/direkt-versichert.eu\/wp-content\/uploads\/2023\/10\/Silas_web.png 600w\" data-sizes=\"auto\" data-orig-sizes=\"(max-width: 900px) 100vw, (max-width: 640px) 100vw, 600px\" \/><\/span><\/div><div class=\"fusion-separator fusion-full-width-sep\" style=\"align-self: center;margin-left: auto;margin-right: auto;margin-bottom:7%;width:100%;\"><\/div><div class=\"fusion-title title fusion-title-1 fusion-sep-none fusion-title-text fusion-title-size-two\" style=\"--awb-font-size:25px;\"><h2 class=\"fusion-title-heading title-heading-left fusion-responsive-typography-calculated\" style=\"margin:0;font-size:1em;--fontSize:25;line-height:1.35;\">Wir freuen uns auf Sie!<\/h2><\/div><div class=\"fusion-text fusion-text-2\"><p>Ihre Bed\u00fcrfnisse stehen im Mittelpunkt.<br \/>\nWir analysieren und empfehlenma\u00dfgeschneiderten Schutz, und zwar schnell, kostenarm und nachhaltig.<\/p>\n<p>Bei uns sind wir hier, um Ihnen den ma\u00dfgeschneiderten Versicherungsschutz zu bieten, der genau zu Ihnen passt. Als Ihre pers\u00f6nlichen Versicherungsmakler verstehen wir, dass jedes Individuum seine individuellen Bed\u00fcrfnisse hat. Deshalb navigieren wir gemeinsam mit Ihnen durch den Versicherungsdschungel.<\/p>\n<\/div><div class=\"fusion-separator fusion-full-width-sep\" style=\"align-self: center;margin-left: auto;margin-right: auto;margin-top:15px;margin-bottom:15px;width:100%;\"><\/div><div class=\"fusion-social-links fusion-social-links-1\" style=\"--awb-margin-top:0px;--awb-margin-right:0px;--awb-margin-bottom:0px;--awb-margin-left:0px;--awb-alignment:center;--awb-box-border-top:0px;--awb-box-border-right:0px;--awb-box-border-bottom:0px;--awb-box-border-left:0px;--awb-icon-colors-hover:hsla(var(--awb-color4-h),var(--awb-color4-s),var(--awb-color4-l),calc( var(--awb-color4-a) - 20% ));--awb-box-colors-hover:hsla(var(--awb-color2-h),var(--awb-color2-s),var(--awb-color2-l),calc( var(--awb-color2-a) - 20% ));--awb-box-border-color:var(--awb-color3);--awb-box-border-color-hover:var(--awb-color4);\"><div class=\"fusion-social-networks color-type-custom\"><div class=\"fusion-social-networks-wrapper\"><a class=\"fusion-social-network-icon fusion-tooltip fusion-phone fa-phone-alt fas\" style=\"color:var(--awb-color4);font-size:16px;\" data-placement=\"top\" data-title=\"Telefon\" data-toggle=\"tooltip\" title=\"Telefon\" aria-label=\"phone\" target=\"_self\" rel=\"noopener noreferrer\" href=\"tel:0 176 32392321\"><\/a><a class=\"fusion-social-network-icon fusion-tooltip fusion-whatsapp awb-icon-whatsapp\" style=\"color:var(--awb-color4);font-size:16px;\" data-placement=\"top\" data-title=\"WhatsApp\" data-toggle=\"tooltip\" title=\"WhatsApp\" aria-label=\"whatsapp\" target=\"_blank\" rel=\"noopener noreferrer\" href=\"https:\/\/wa.link\/jcpgxv\"><\/a><a class=\"fusion-social-network-icon fusion-tooltip fusion-mail awb-icon-mail\" style=\"color:var(--awb-color4);font-size:16px;\" data-placement=\"top\" data-title=\"E-Mail\" data-toggle=\"tooltip\" title=\"E-Mail\" aria-label=\"mail\" target=\"_blank\" rel=\"noopener noreferrer\" href=\"mailto:&#105;&#110;fo&#064;s&#112;&#045;&#100;i&#114;ek&#116;&#118;e&#114;&#115;&#105;c&#104;&#101;&#114;t&#046;&#100;e\"><\/a><a class=\"fusion-social-network-icon fusion-tooltip fusion-linkedin awb-icon-linkedin\" style=\"color:var(--awb-color4);font-size:16px;\" data-placement=\"top\" data-title=\"LinkedIn\" data-toggle=\"tooltip\" title=\"LinkedIn\" aria-label=\"linkedin\" target=\"_blank\" rel=\"noopener noreferrer\" href=\"https:\/\/www.linkedin.com\/in\/silas-pufahl-222728216?utm_source=share&amp;utm_campaign=share_via&amp;utm_content=profile&amp;utm_medium=ios_app\"><\/a><\/div><\/div><\/div><\/div><\/div><div class=\"fusion-layout-column fusion_builder_column fusion-builder-column-2 fusion_builder_column_1_2 1_2 fusion-flex-column fusion-animated\" style=\"--awb-bg-size:cover;--awb-width-large:50%;--awb-margin-top-large:0px;--awb-spacing-right-large:3.84%;--awb-margin-bottom-large:20px;--awb-spacing-left-large:9.6%;--awb-width-medium:100%;--awb-spacing-right-medium:1.92%;--awb-spacing-left-medium:1.92%;--awb-width-small:100%;--awb-spacing-right-small:1.92%;--awb-spacing-left-small:1.92%;\" data-animationType=\"fadeIn\" data-animationDuration=\"1.0\" data-animationOffset=\"top-into-view\"><div class=\"fusion-column-wrapper fusion-column-has-shadow fusion-flex-justify-content-flex-start fusion-content-layout-column\"><div class=\"fusion-title title fusion-title-2 fusion-sep-none fusion-title-text fusion-title-size-two\" style=\"--awb-font-size:25px;\"><h2 class=\"fusion-title-heading title-heading-left fusion-responsive-typography-calculated\" style=\"margin:0;font-size:1em;--fontSize:25;line-height:1.35;\">Schreiben Sie uns!<\/h2><\/div><div class=\"fusion-form fusion-form-builder fusion-form-form-wrapper fusion-form-1610\" style=\"--awb-tooltip-text-color:var(--awb-color7);--awb-tooltip-background-color:var(--awb-color1);--awb-form-bg-color:var(--awb-color1);--awb-form-placeholder-color:var(--awb-color7);--awb-form-text-color:var(--awb-color7);--awb-form-border-color:#69bde4;--awb-form-focus-border-color:var(--awb-color5);--awb-form-focus-border-hover-color:hsla(var(--awb-color5-h),var(--awb-color5-s),var(--awb-color5-l),calc(var(--awb-color5-a) - 50%));--awb-form-border-radius:0px;\" data-form-id=\"1610\" data-config=\"{&quot;form_id&quot;:&quot;1610&quot;,&quot;form_post_id&quot;:&quot;1610&quot;,&quot;post_id&quot;:969,&quot;form_type&quot;:&quot;ajax&quot;,&quot;confirmation_type&quot;:&quot;message&quot;,&quot;redirect_url&quot;:&quot;&quot;,&quot;field_labels&quot;:{&quot;name&quot;:&quot;Vorname, Nachname&quot;,&quot;email&quot;:&quot;Ihre E-Mail&quot;,&quot;thema&quot;:&quot;Ihr Anliegen&quot;,&quot;termin&quot;:&quot;F\\u00fcr Termine geben Sie bitte einen gew\\u00fcnschten Zeitraum an. Wir melden uns bzgl. eines genauen Zeitpunktes bei Ihnen zur\\u00fcck.&quot;,&quot;nachricht&quot;:&quot;Ihre Nachricht&quot;},&quot;field_logics&quot;:{&quot;name&quot;:&quot;&quot;,&quot;email&quot;:&quot;&quot;,&quot;thema&quot;:&quot;&quot;,&quot;termin&quot;:&quot;&quot;,&quot;nachricht&quot;:&quot;&quot;,&quot;notice_1&quot;:&quot;&quot;},&quot;field_types&quot;:{&quot;name&quot;:&quot;text&quot;,&quot;email&quot;:&quot;email&quot;,&quot;thema&quot;:&quot;select&quot;,&quot;termin&quot;:&quot;select&quot;,&quot;nachricht&quot;:&quot;textarea&quot;,&quot;submit_1&quot;:&quot;submit&quot;,&quot;notice_1&quot;:&quot;notice&quot;},&quot;nonce_method&quot;:&quot;ajax&quot;}\"><form action=\"https:\/\/direkt-versichert.eu\/?page_id=969\" method=\"post\" class=\"fusion-form fusion-form-1610\"><div class=\"fusion-fullwidth fullwidth-box fusion-builder-row-2-1 fusion-flex-container nonhundred-percent-fullwidth non-hundred-percent-height-scrolling\" style=\"--awb-border-radius-top-left:0px;--awb-border-radius-top-right:0px;--awb-border-radius-bottom-right:0px;--awb-border-radius-bottom-left:0px;--awb-padding-right:0px;--awb-flex-wrap:wrap;\" ><div class=\"fusion-builder-row fusion-row fusion-flex-align-items-flex-start fusion-flex-content-wrap\" style=\"width:104% !important;max-width:104% !important;margin-left: calc(-4% \/ 2 );margin-right: calc(-4% \/ 2 );\"><div class=\"fusion-layout-column fusion_builder_column fusion-builder-column-3 fusion_builder_column_1_1 1_1 fusion-flex-column\" style=\"--awb-bg-size:cover;--awb-width-large:100%;--awb-margin-top-large:0px;--awb-spacing-right-large:1.92%;--awb-margin-bottom-large:20px;--awb-spacing-left-large:1.92%;--awb-width-medium:100%;--awb-order-medium:0;--awb-spacing-right-medium:1.92%;--awb-spacing-left-medium:1.92%;--awb-width-small:100%;--awb-order-small:0;--awb-spacing-right-small:1.92%;--awb-spacing-left-small:1.92%;\"><div class=\"fusion-column-wrapper fusion-column-has-shadow fusion-flex-justify-content-flex-start fusion-content-layout-column\"><div class=\"fusion-form-field fusion-form-text-field fusion-form-label-above\" style=\"\" data-form-id=\"1610\"><div class=\"fusion-form-label-wrapper\"><label for=\"name\">Vorname, Nachname <abbr class=\"fusion-form-element-required\" title=\"required\">*<\/abbr><\/label><\/div><input type=\"text\" name=\"name\" id=\"name\" value=\"\"  class=\"fusion-form-input\" required=\"true\" aria-required=\"true\" data-holds-private-data=\"false\" minlength=\"0\"\/><\/div><div class=\"fusion-form-field fusion-form-email-field fusion-form-label-above\" style=\"\" data-form-id=\"1610\"><div class=\"fusion-form-label-wrapper\"><label for=\"email\">Ihre E-Mail <abbr class=\"fusion-form-element-required\" title=\"required\">*<\/abbr><\/label><\/div><input type=\"email\"  data-empty-notice=\"Bitte f\u00fcllen Sie dieses Feld aus, damit wir Sie kontaktieren k\u00f6nnen\" name=\"email\" id=\"email\" value=\"\"  class=\"fusion-form-input\" required=\"true\" aria-required=\"true\" data-holds-private-data=\"false\"\/><\/div><div class=\"fusion-form-field fusion-form-select-field fusion-form-label-above\" style=\"\" data-form-id=\"1610\"><label for=\"thema\">Ihr Anliegen<\/label><div class=\"fusion-select-wrapper\"><select tabindex=\"\" id=\"thema\" name=\"thema\" class=\"fusion-form-input\" data-holds-private-data=\"false\"><option value=\"Gewerbeversicherungen\"  selected >Gewerbeversicherungen<\/option><option value=\"private Sachversicherungen\" >private Sachversicherungen<\/option><option value=\"private Personenversicherung\" >private Personenversicherung<\/option><option value=\"unabh\u00e4ngige Vorsorgeanalyse\" >unabh\u00e4ngige Vorsorgeanalyse<\/option><option value=\"\u2060Preischeck\" >\u2060Preischeck<\/option><option value=\"Service im Leistungsfall\" >Service im Leistungsfall<\/option><\/select><div class=\"select-arrow\"><svg width=\"12\" height=\"8\" viewBox=\"0 0 12 8\" fill=\"none\" xmlns=\"http:\/\/www.w3.org\/2000\/svg\"> <path d=\"M1.5 1.75L6 6.25L10.5 1.75\" stroke=\"#6D6D6D\" stroke-width=\"2\" stroke-linecap=\"round\" stroke-linejoin=\"round\"\/> <\/svg><\/div><\/div><\/div><div class=\"fusion-form-field fusion-form-select-field fusion-form-label-above\" style=\"\" data-form-id=\"1610\"><label for=\"termin\">F\u00fcr Termine geben Sie bitte einen gew\u00fcnschten Zeitraum an. Wir melden uns bzgl. eines genauen Zeitpunktes bei Ihnen zur\u00fcck.<\/label><div class=\"fusion-select-wrapper\"><select tabindex=\"\" id=\"termin\" name=\"termin\" class=\"fusion-form-input\" data-holds-private-data=\"false\"><option value=\"Montag 08:00-09:00\"  selected >Montag 08:00-09:00<\/option><option value=\"Montag 18:00-19:00\" >Montag 18:00-19:00<\/option><option value=\"Montag 19:00-20:00\" >Montag 19:00-20:00<\/option><option value=\"Dienstag 08:00-09:00\" >Dienstag 08:00-09:00<\/option><option value=\"Dienstag 18:00-19:00\" >Dienstag 18:00-19:00<\/option><option value=\"Dienstag 19:00-20:00\" >Dienstag 19:00-20:00<\/option><option value=\"Mittwoch 15:00-16:00\" >Mittwoch 15:00-16:00<\/option><option value=\"Mittwoch 16:00-17:00\" >Mittwoch 16:00-17:00<\/option><option value=\"Mittwoch 17:00-18:00\" >Mittwoch 17:00-18:00<\/option><option value=\"Mittwoch 18:00-19:00\" >Mittwoch 18:00-19:00<\/option><option value=\"Mittwoch 19:00-20:00\" >Mittwoch 19:00-20:00<\/option><option value=\"Donnerstag 08:00-09:00\" >Donnerstag 08:00-09:00<\/option><option value=\"Donnerstag 18:00-19:00\" >Donnerstag 18:00-19:00<\/option><option value=\"Donnerstag 19:00-20:00\" >Donnerstag 19:00-20:00<\/option><option value=\"Freitag 15:00-16:00\" >Freitag 15:00-16:00<\/option><option value=\"Freitag 16:00-17:00\" >Freitag 16:00-17:00<\/option><option value=\"Freitag 17:00-18:00\" >Freitag 17:00-18:00<\/option><option value=\"Freitag 18:00-19:00\" >Freitag 18:00-19:00<\/option><option value=\"Freitag 19:00-20:00\" >Freitag 19:00-20:00<\/option><\/select><div class=\"select-arrow\"><svg width=\"12\" height=\"8\" viewBox=\"0 0 12 8\" fill=\"none\" xmlns=\"http:\/\/www.w3.org\/2000\/svg\"> <path d=\"M1.5 1.75L6 6.25L10.5 1.75\" stroke=\"#6D6D6D\" stroke-width=\"2\" stroke-linecap=\"round\" stroke-linejoin=\"round\"\/> <\/svg><\/div><\/div><\/div><div class=\"fusion-form-field fusion-form-textarea-field fusion-form-label-above\" style=\"\" data-form-id=\"1610\"><label for=\"nachricht\">Ihre Nachricht<\/label><textarea cols=\"40\"  minlength=\"0\"  rows=\"4\" tabindex=\"\" id=\"nachricht\" name=\"nachricht\" class=\"fusion-form-input\" data-holds-private-data=\"false\"><\/textarea><\/div><div class=\"fusion-form-field fusion-form-submit-field fusion-form-label-above\" style=\"\" data-form-id=\"1610\"><div style=\"text-align:center;\"><button type=\"submit\" class=\"fusion-button button-flat fusion-button-default-size button-default fusion-button-default button-1 fusion-button-default-span  form-form-submit button-default\" data-form-number=\"1610\" tabindex=\"\"><span class=\"fusion-button-text\">Nachricht versenden<\/span><\/button><\/div><\/div><div class=\"form-submission-notices data-notice_1\" id=\"fusion-notices-1\"><div class=\"fusion-alert alert success alert-success fusion-alert-center fusion-form-response fusion-form-response-success awb-alert-native-link-color alert-dismissable awb-alert-close-boxed\" role=\"alert\"><div class=\"fusion-alert-content-wrapper\"><span class=\"alert-icon\"><i class=\"awb-icon-check-circle\" aria-hidden=\"true\"><\/i><\/span><span class=\"fusion-alert-content\">Danke f\u00fcr deine Nachricht. Diese wurde gesendet.<\/span><\/div><button type=\"button\" class=\"close toggle-alert\" data-dismiss=\"alert\" aria-label=\"Close\">&times;<\/button><\/div><div class=\"fusion-alert alert error alert-danger fusion-alert-center fusion-form-response fusion-form-response-error awb-alert-native-link-color alert-dismissable awb-alert-close-boxed\" role=\"alert\"><div class=\"fusion-alert-content-wrapper\"><span class=\"alert-icon\"><i class=\"awb-icon-exclamation-triangle\" aria-hidden=\"true\"><\/i><\/span><span class=\"fusion-alert-content\">Beim Senden Ihrer Nachricht ist ein Fehler aufgetreten. Bitte versuchen Sie es sp\u00e4ter noch einmal.<\/span><\/div><button type=\"button\" class=\"close toggle-alert\" data-dismiss=\"alert\" aria-label=\"Close\">&times;<\/button><\/div><\/div><\/div><\/div><\/div><\/div><\/form><\/div><\/div><\/div><\/div><\/div><\/p>\n","protected":false},"excerpt":{"rendered":"","protected":false},"author":1,"featured_media":0,"parent":0,"menu_order":0,"comment_status":"closed","ping_status":"closed","template":"100-width.php","meta":{"footnotes":""},"yoast_head":"<!-- This site is optimized with the Yoast SEO plugin v21.7 - https:\/\/yoast.com\/wordpress\/plugins\/seo\/ -->\n<title>Kontakt - Direkt Versichert Silas Pufahl<\/title>\n<meta name=\"robots\" content=\"index, follow, max-snippet:-1, max-image-preview:large, max-video-preview:-1\" \/>\n<link rel=\"canonical\" href=\"https:\/\/direkt-versichert.eu\/?page_id=969\" \/>\n<meta property=\"og:locale\" content=\"de_DE\" \/>\n<meta property=\"og:type\" content=\"article\" \/>\n<meta property=\"og:title\" content=\"Kontakt - Direkt Versichert Silas Pufahl\" \/>\n<meta property=\"og:url\" content=\"https:\/\/direkt-versichert.eu\/?page_id=969\" \/>\n<meta property=\"og:site_name\" content=\"Direkt Versichert Silas Pufahl\" \/>\n<meta property=\"article:modified_time\" content=\"2023-11-09T14:42:21+00:00\" \/>\n<meta name=\"twitter:card\" content=\"summary_large_image\" \/>\n<meta name=\"twitter:label1\" content=\"Gesch\u00e4tzte Lesezeit\" \/>\n\t<meta name=\"twitter:data1\" content=\"4 Minuten\" \/>\n<script type=\"application\/ld+json\" class=\"yoast-schema-graph\">{\"@context\":\"https:\/\/schema.org\",\"@graph\":[{\"@type\":\"WebPage\",\"@id\":\"https:\/\/direkt-versichert.eu\/?page_id=969\",\"url\":\"https:\/\/direkt-versichert.eu\/?page_id=969\",\"name\":\"Kontakt - Direkt Versichert Silas Pufahl\",\"isPartOf\":{\"@id\":\"https:\/\/direkt-versichert.eu\/#website\"},\"datePublished\":\"2020-03-12T17:48:13+00:00\",\"dateModified\":\"2023-11-09T14:42:21+00:00\",\"breadcrumb\":{\"@id\":\"https:\/\/direkt-versichert.eu\/?page_id=969#breadcrumb\"},\"inLanguage\":\"de-DE\",\"potentialAction\":[{\"@type\":\"ReadAction\",\"target\":[\"https:\/\/direkt-versichert.eu\/?page_id=969\"]}]},{\"@type\":\"BreadcrumbList\",\"@id\":\"https:\/\/direkt-versichert.eu\/?page_id=969#breadcrumb\",\"itemListElement\":[{\"@type\":\"ListItem\",\"position\":1,\"name\":\"Startseite\",\"item\":\"https:\/\/direkt-versichert.eu\/\"},{\"@type\":\"ListItem\",\"position\":2,\"name\":\"Kontakt\"}]},{\"@type\":\"WebSite\",\"@id\":\"https:\/\/direkt-versichert.eu\/#website\",\"url\":\"https:\/\/direkt-versichert.eu\/\",\"name\":\"Direkt Versichert Silas Pufahl\",\"description\":\"Versicherungsmakler Hohenwestedt\",\"potentialAction\":[{\"@type\":\"SearchAction\",\"target\":{\"@type\":\"EntryPoint\",\"urlTemplate\":\"https:\/\/direkt-versichert.eu\/?s={search_term_string}\"},\"query-input\":\"required name=search_term_string\"}],\"inLanguage\":\"de-DE\"}]}<\/script>\n<!-- \/ Yoast SEO plugin. -->","yoast_head_json":{"title":"Kontakt - Direkt Versichert Silas Pufahl","robots":{"index":"index","follow":"follow","max-snippet":"max-snippet:-1","max-image-preview":"max-image-preview:large","max-video-preview":"max-video-preview:-1"},"canonical":"https:\/\/direkt-versichert.eu\/?page_id=969","og_locale":"de_DE","og_type":"article","og_title":"Kontakt - Direkt Versichert Silas Pufahl","og_url":"https:\/\/direkt-versichert.eu\/?page_id=969","og_site_name":"Direkt Versichert Silas Pufahl","article_modified_time":"2023-11-09T14:42:21+00:00","twitter_card":"summary_large_image","twitter_misc":{"Gesch\u00e4tzte Lesezeit":"4 Minuten"},"schema":{"@context":"https:\/\/schema.org","@graph":[{"@type":"WebPage","@id":"https:\/\/direkt-versichert.eu\/?page_id=969","url":"https:\/\/direkt-versichert.eu\/?page_id=969","name":"Kontakt - Direkt Versichert Silas Pufahl","isPartOf":{"@id":"https:\/\/direkt-versichert.eu\/#website"},"datePublished":"2020-03-12T17:48:13+00:00","dateModified":"2023-11-09T14:42:21+00:00","breadcrumb":{"@id":"https:\/\/direkt-versichert.eu\/?page_id=969#breadcrumb"},"inLanguage":"de-DE","potentialAction":[{"@type":"ReadAction","target":["https:\/\/direkt-versichert.eu\/?page_id=969"]}]},{"@type":"BreadcrumbList","@id":"https:\/\/direkt-versichert.eu\/?page_id=969#breadcrumb","itemListElement":[{"@type":"ListItem","position":1,"name":"Startseite","item":"https:\/\/direkt-versichert.eu\/"},{"@type":"ListItem","position":2,"name":"Kontakt"}]},{"@type":"WebSite","@id":"https:\/\/direkt-versichert.eu\/#website","url":"https:\/\/direkt-versichert.eu\/","name":"Direkt Versichert Silas Pufahl","description":"Versicherungsmakler Hohenwestedt","potentialAction":[{"@type":"SearchAction","target":{"@type":"EntryPoint","urlTemplate":"https:\/\/direkt-versichert.eu\/?s={search_term_string}"},"query-input":"required name=search_term_string"}],"inLanguage":"de-DE"}]}},"_links":{"self":[{"href":"https:\/\/direkt-versichert.eu\/index.php?rest_route=\/wp\/v2\/pages\/969"}],"collection":[{"href":"https:\/\/direkt-versichert.eu\/index.php?rest_route=\/wp\/v2\/pages"}],"about":[{"href":"https:\/\/direkt-versichert.eu\/index.php?rest_route=\/wp\/v2\/types\/page"}],"author":[{"embeddable":true,"href":"https:\/\/direkt-versichert.eu\/index.php?rest_route=\/wp\/v2\/users\/1"}],"replies":[{"embeddable":true,"href":"https:\/\/direkt-versichert.eu\/index.php?rest_route=%2Fwp%2Fv2%2Fcomments&post=969"}],"version-history":[{"count":18,"href":"https:\/\/direkt-versichert.eu\/index.php?rest_route=\/wp\/v2\/pages\/969\/revisions"}],"predecessor-version":[{"id":1903,"href":"https:\/\/direkt-versichert.eu\/index.php?rest_route=\/wp\/v2\/pages\/969\/revisions\/1903"}],"wp:attachment":[{"href":"https:\/\/direkt-versichert.eu\/index.php?rest_route=%2Fwp%2Fv2%2Fmedia&parent=969"}],"curies":[{"name":"wp","href":"https:\/\/api.w.org\/{rel}","templated":true}]}}